{"id":1331,"date":"2024-11-24T10:58:52","date_gmt":"2024-11-24T10:58:52","guid":{"rendered":"https:\/\/sz-j.com\/fokusbereiche\/"},"modified":"2024-12-17T14:16:29","modified_gmt":"2024-12-17T14:16:29","slug":"fokusbereiche","status":"publish","type":"page","link":"https:\/\/sz-j.com\/de\/fokusbereiche\/","title":{"rendered":"Fokusbereiche"},"content":{"rendered":"\n<section class=\"wp-block-group alignfull heading_2 has-accent-1-background-color has-background is-layout-constrained wp-block-group-is-layout-constrained\">\n<div class=\"wp-block-group alignwide is-layout-grid wp-container-core-group-is-layout-555938d3 wp-block-group-is-layout-grid\">\n<div style=\"height:100px\" aria-hidden=\"true\" class=\"wp-block-spacer wp-container-content-45adc295\"><\/div>\n\n\n\n<h1 class=\"wp-block-heading has-text-align-left slide-in-left wp-container-content-46162e02\">Fokusbereiche<\/h1>\n\n\n\n<div style=\"height:100px\" aria-hidden=\"true\" class=\"wp-block-spacer wp-container-content-f1902870\"><\/div>\n\n\n\n<p class=\"is-style-default slide-in-right delay-5 has-large-font-size wp-container-content-bda37d6c\">Wir rekrutieren Board Mitglieder und F\u00fchrungskr\u00e4fte, die zur gew\u00fcnschten Unternehmenskultur und strategischen Vision passen. Unser Suchprozess ist umfassend und fundiert. Vertiefte Referenz- und Hintergrund\u00fcberpr\u00fcfungen sind ein zentraler Bestandteil unserer Arbeit.<\/p>\n<\/div>\n<\/section>\n\n\n\n<section class=\"wp-block-group alignfull is-style-default is-layout-constrained wp-block-group-is-layout-constrained\">\n<div class=\"wp-block-group alignwide is-layout-grid wp-container-core-group-is-layout-555938d3 wp-block-group-is-layout-grid\">\n<div style=\"height:0px\" aria-hidden=\"true\" class=\"wp-block-spacer wp-container-content-45adc295\"><\/div>\n\n\n\n<h2 class=\"wp-block-heading has-large-font-size wp-container-content-a78bef61\">Funktionen<\/h2>\n\n\n\n<div style=\"height:0px\" aria-hidden=\"true\" class=\"wp-block-spacer wp-container-content-45adc295\"><\/div>\n\n\n\n<div style=\"height:0px\" aria-hidden=\"true\" class=\"wp-block-spacer wp-container-content-45adc295\"><\/div>\n\n\n\n<details class=\"wp-block-details is-style-accordion slide-in-up wp-container-content-a78bef61 is-layout-flow wp-block-details-is-layout-flow is-style-accordion--1\"><summary>NED, Board- und CEO<\/summary>\n<div class=\"wp-block-group is-layout-constrained wp-block-group-is-layout-constrained\">\n<p>Unsere etablierte Board-Practice konzentriert sich auf die Identifizierung und Platzierung von Non-Executive Directors (NEDs) und CEOs, die in der Lage sind, strategische Visionen voranzutreiben und Governance-Exzellenz zu gew\u00e4hrleisten. Wir wissen, dass diese F\u00fchrungsrollen entscheidend sind, um Organisationen nachhaltig auf Erfolgskurs zu halten. Durch unseren massgeschneiderten Suchprozess stellen wir sicher, dass wir Pers\u00f6nlichkeiten identifizieren, die nicht nur die erforderlichen Kompetenzen mitbringen, sondern auch zur Kultur und den Werten einer Organisation passen.  <\/p>\n<\/div>\n<\/details>\n\n\n\n<div style=\"height:0px\" aria-hidden=\"true\" class=\"wp-block-spacer wp-container-content-45adc295\"><\/div>\n\n\n\n<div style=\"height:0px\" aria-hidden=\"true\" class=\"wp-block-spacer wp-container-content-45adc295\"><\/div>\n\n\n\n<details class=\"wp-block-details is-style-accordion slide-in-up wp-container-content-a78bef61 is-layout-flow wp-block-details-is-layout-flow is-style-accordion--2\"><summary>Executive Board<\/summary>\n<div class=\"wp-block-group is-layout-constrained wp-block-group-is-layout-constrained\">\n<p>Wir unterst\u00fctzen unsere Kunden bei der Rekrutierung f\u00fcr das Executive Board und finden F\u00fchrungspers\u00f6nlichkeiten, die zu strategischen Entscheidungen und zum Erfolg der Organisation beitragen. Unser Suchprozess legt besonderen Wert auf ein umfassendes Verst\u00e4ndnis der Bed\u00fcrfnisse des Kunden sowie der spezifischen Kompetenzen, die f\u00fcr jede Rolle erforderlich sind. <\/p>\n<\/div>\n<\/details>\n\n\n\n<div style=\"height:0px\" aria-hidden=\"true\" class=\"wp-block-spacer wp-container-content-45adc295\"><\/div>\n\n\n\n<div style=\"height:0px\" aria-hidden=\"true\" class=\"wp-block-spacer wp-container-content-45adc295\"><\/div>\n\n\n\n<details class=\"wp-block-details is-style-accordion slide-in-up wp-container-content-a78bef61 is-layout-flow wp-block-details-is-layout-flow is-style-accordion--3\"><summary>Chief Financial Officer<\/summary>\n<div class=\"wp-block-group is-layout-constrained wp-block-group-is-layout-constrained\">\n<p>Die Rolle des Chief Financial Officer (CFO) ist entscheidend f\u00fcr die finanzielle Strategie und die Sicherstellung operativer Effizienz. Wir sind darauf spezialisiert, CFOs zu identifizieren, die nicht nur \u00fcber herausragendes Finanzwissen verf\u00fcgen, sondern auch die strategische Weitsicht mitbringen, um b\u00f6rsennotierte oder privat gehaltene Unternehmen erfolgreich durch dynamische Marktchancen und -herausforderungen zu f\u00fchren. <\/p>\n<\/div>\n<\/details>\n\n\n\n<div style=\"height:0px\" aria-hidden=\"true\" class=\"wp-block-spacer wp-container-content-45adc295\"><\/div>\n\n\n\n<div style=\"height:0px\" aria-hidden=\"true\" class=\"wp-block-spacer wp-container-content-45adc295\"><\/div>\n\n\n\n<details class=\"wp-block-details is-style-accordion slide-in-up wp-container-content-a78bef61 is-layout-flow wp-block-details-is-layout-flow is-style-accordion--4\"><summary>Technologie-, Daten- und Digital-Leadership<\/summary>\n<div class=\"wp-block-group is-layout-constrained wp-block-group-is-layout-constrained\">\n<p>In der heutigen innovationsgetriebenen Welt ist starke F\u00fchrung in den Bereichen Daten, digitale Transformation und technologische Weiterentwicklung unerl\u00e4sslich. Wir sind darauf spezialisiert, Chief Technology Officers (CTOs) und andere Schl\u00fcsselpersonen zu identifizieren, die herausragend darin sind, digitale Ver\u00e4nderungen voranzutreiben, Innovation zu f\u00f6rdern, die Wettbewerbsf\u00e4higkeit zu sichern und robuste Sicherheitsstrukturen f\u00fcr ihre Organisationen zu gew\u00e4hrleisten. <\/p>\n<\/div>\n<\/details>\n\n\n\n<div style=\"height:0px\" aria-hidden=\"true\" class=\"wp-block-spacer wp-container-content-45adc295\"><\/div>\n\n\n\n<div style=\"height:0px\" aria-hidden=\"true\" class=\"wp-block-spacer wp-container-content-45adc295\"><\/div>\n\n\n\n<details class=\"wp-block-details is-style-accordion slide-in-up wp-container-content-a78bef61 is-layout-flow wp-block-details-is-layout-flow is-style-accordion--5\"><summary>Risk- und Compliance-Leadership<\/summary>\n<div class=\"wp-block-group is-layout-constrained wp-block-group-is-layout-constrained\">\n<p>Wir verstehen die Bedeutung eines robusten Risikomanagements und effektiver Compliance-Funktionen. Wir sind darauf spezialisiert, Chief Risk Officers (CROs) und Chief Compliance Officers (CCOs) zu finden, die mit einer proaktiven Denkweise und fundierter Expertise dazu beitragen, regulatorische Komplexit\u00e4ten zu meistern und die Interessen aller Stakeholder wirkungsvoll zu sch\u00fctzen. <\/p>\n<\/div>\n<\/details>\n\n\n\n<div style=\"height:0px\" aria-hidden=\"true\" class=\"wp-block-spacer wp-container-content-45adc295\"><\/div>\n\n\n\n<div style=\"height:0px\" aria-hidden=\"true\" class=\"wp-block-spacer wp-container-content-45adc295\"><\/div>\n\n\n\n<details class=\"wp-block-details is-style-accordion slide-in-up wp-container-content-a78bef61 is-layout-flow wp-block-details-is-layout-flow is-style-accordion--6\"><summary>Chief Operating Officer<\/summary>\n<div class=\"wp-block-group is-layout-constrained wp-block-group-is-layout-constrained\">\n<p>Ein Chief Operating Officer (COO) ist entscheidend f\u00fcr die Umsetzung der Unternehmensstrategie und die Optimierung der operativen Leistung. Wir konzentrieren uns darauf, COOs zu finden, die eine ausgewogene Kombination aus strategischer Einsicht und operativer Exzellenz mitbringen. Wir identifizieren F\u00fchrungskr\u00e4fte, die Prozesse optimieren, Produktivit\u00e4t steigern und transformieren sowie nachhaltiges Wachstum vorantreiben, um sicherzustellen, dass unsere Kunden das operative R\u00fcckgrat f\u00fcr langfristigen Erfolg haben.  <\/p>\n<\/div>\n<\/details>\n\n\n\n<div style=\"height:0px\" aria-hidden=\"true\" class=\"wp-block-spacer wp-container-content-45adc295\"><\/div>\n\n\n\n<div style=\"height:0px\" aria-hidden=\"true\" class=\"wp-block-spacer wp-container-content-45adc295\"><\/div>\n\n\n\n<details class=\"wp-block-details is-style-accordion slide-in-up wp-container-content-a78bef61 is-layout-flow wp-block-details-is-layout-flow is-style-accordion--7\"><summary>Chief Human Resources Officer<\/summary>\n<div class=\"wp-block-group is-layout-constrained wp-block-group-is-layout-constrained\">\n<p>Wir rekrutieren Chief Human Resources Officers (CHROs), die die Unternehmenskultur, Talentstrategie und F\u00fchrungskr\u00e4fteentwicklung vorantreiben. Unser Fokus liegt darauf, vision\u00e4re HR-F\u00fchrungskr\u00e4fte zu identifizieren, die die strategische Personalagenda mit den Unternehmenszielen in Einklang bringen. <\/p>\n<\/div>\n<\/details>\n\n\n\n<div style=\"height:0px\" aria-hidden=\"true\" class=\"wp-block-spacer wp-container-content-45adc295\"><\/div>\n<\/div>\n<\/section>\n\n\n\n<section class=\"wp-block-group alignfull zitat has-accent-1-background-color has-background is-layout-constrained wp-block-group-is-layout-constrained\">\n<div class=\"wp-block-group alignwide is-layout-grid wp-container-core-group-is-layout-555938d3 wp-block-group-is-layout-grid\">\n<div style=\"height:100px\" aria-hidden=\"true\" class=\"wp-block-spacer wp-container-content-4ad9bbd1\"><\/div>\n\n\n\n<blockquote class=\"wp-block-quote wp-container-content-bda37d6c is-layout-flow wp-block-quote-is-layout-flow\">\n<p class=\"is-style-default slide-in-up\">Wir verf\u00fcgen \u00fcber umfassende funktionale Expertise und ein tiefgehendes, differenziertes Verst\u00e4ndnis der organisatorischen Strukturen und der Zusammensetzung von F\u00fchrungsgremien. Diese strategische Einsicht erm\u00f6glicht es uns, die Anforderungen f\u00fcr Executive- und Board-Besetzungen pr\u00e4zise zu bewerten.<\/p>\n\n\n\n<p class=\"fade-in delay-5 has-primary-1-color has-text-color has-link-color has-medium-font-size wp-elements-3e8702acb527a19fbaccf8b1faa8327b\">Matthias Schulthess<\/p>\n<\/blockquote>\n\n\n\n<div style=\"height:100px\" aria-hidden=\"true\" class=\"wp-block-spacer wp-container-content-4ad9bbd1\"><\/div>\n<\/div>\n<\/section>\n\n\n\n<section class=\"wp-block-group alignfull is-layout-constrained wp-block-group-is-layout-constrained\">\n<div class=\"wp-block-group is-layout-grid wp-container-core-group-is-layout-555938d3 wp-block-group-is-layout-grid\">\n<div style=\"height:0px\" aria-hidden=\"true\" class=\"wp-block-spacer wp-container-content-4ad9bbd1\"><\/div>\n\n\n\n<div class=\"wp-block-group is-style-group-grid-8-clmn is-layout-constrained wp-block-group-is-layout-constrained is-style-group-grid-8-clmn--8\">\n<h2 class=\"wp-block-heading slide-in-left has-large-font-size wp-container-content-e0be8fe7\">Leitprinzipien<\/h2>\n\n\n\n<p class=\"is-style-default slide-in-up delay-5 wp-container-content-e0be8fe7\"><strong>Unabh\u00e4ngigkeit und Objektivit\u00e4t:<\/strong> Der Aufbau starker Beziehungen ist entscheidend f\u00fcr eine effektive Beratung. Als vertrauensw\u00fcrdige Berater haben wir das Selbstvertrauen, Diskussionen \u00fcber die Komfortzone hinaus zu f\u00fchren. <br><\/p>\n\n\n\n<p class=\"is-style-default slide-in-up delay-5 wp-container-content-e0be8fe7\"><strong>Urteilsverm\u00f6gen:<\/strong> Im Zentrum unseres Ansatzes stehen Reflexion, Integrit\u00e4t und der Mut, schwierige Fragen zu stellen. Dies f\u00fchrt zu einer bew\u00e4hrten Erfolgsbilanz bei der pr\u00e4zisen Identifizierung und Beurteilung des Potenzials von Kandidaten. <br><\/p>\n\n\n\n<p class=\"is-style-default slide-in-up delay-5 wp-container-content-e0be8fe7\"><strong>Research-basiert:<\/strong> Unser Ansatz zur Executive Search kombiniert gezielte, auf den Auftrag zugeschnittene Forschung mit tiefem Branchenwissen und einem vertrauensw\u00fcrdigen Expertennetzwerk, um F\u00fchrungspers\u00f6nlichkeiten zu identifizieren und zu gewinnen.<br><\/p>\n\n\n\n<p class=\"is-style-default slide-in-up delay-5 wp-container-content-e0be8fe7\"><strong>Interne und externe Kandidaten:<\/strong> Wir f\u00fchren gr\u00fcndliche Bewertungen sowohl interner als auch externer Kandidaten durch, um eine umfassende Beurteilung f\u00fcr jede Rolle sicherzustellen. W\u00e4hrend des Interview-Prozesses managen wir Erwartungen und garantieren eine klare und zeitgerechte Kommunikation. <br><\/p>\n\n\n\n<p class=\"is-style-default slide-in-up delay-5 wp-container-content-e0be8fe7\"><strong>Vielfalt, Chancengleichheit und Inklusion:<\/strong> Wir erkennen an, dass Vielfalt, Chancengleichheit und Inklusion (DEI) nicht nur die Unternehmensleistung verbessern, sondern auch eine bessere Gesellschaft f\u00f6rdern. Unser Engagement f\u00fcr DEI ist seit der Gr\u00fcndung unseres Unternehmens integraler Bestandteil unserer Kultur und unserer Kundenbeziehungen. <\/p>\n<\/div>\n<\/div>\n<\/section>\n","protected":false},"excerpt":{"rendered":"<p>Funktionen Leitprinzipien Unabh\u00e4ngigkeit und Objektivit\u00e4t: Der Aufbau starker Beziehungen ist entscheidend f\u00fcr eine effektive Beratung. Als vertrauensw\u00fcrdige Berater haben wir das Selbstvertrauen, Diskussionen \u00fcber die Komfortzone hinaus zu f\u00fchren. Urteilsverm\u00f6gen: Im Zentrum unseres Ansatzes stehen Reflexion, Integrit\u00e4t und der Mut, schwierige Fragen zu stellen. Dies f\u00fchrt zu einer bew\u00e4hrten Erfolgsbilanz bei der pr\u00e4zisen Identifizierung und [&hellip;]<\/p>\n","protected":false},"author":1,"featured_media":0,"parent":0,"menu_order":10,"comment_status":"closed","ping_status":"closed","template":"","meta":{"_acf_changed":false,"footnotes":""},"class_list":["post-1331","page","type-page","status-publish","hentry"],"acf":{"seo-indexing-option":true,"seo-og-title":"","seo-meta-description":"","seo-og-image":""},"yoast_head":"<!-- This site is optimized with the Yoast SEO plugin v26.3 - https:\/\/yoast.com\/wordpress\/plugins\/seo\/ -->\n<title>Fokusbereiche - SZ&amp;J<\/title>\n<meta name=\"robots\" content=\"index, follow, max-snippet:-1, max-image-preview:large, max-video-preview:-1\" \/>\n<link rel=\"canonical\" href=\"https:\/\/sz-j.com\/de\/fokusbereiche\/\" \/>\n<meta property=\"og:locale\" content=\"de_DE\" \/>\n<meta property=\"og:type\" content=\"article\" \/>\n<meta property=\"og:title\" content=\"Fokusbereiche - SZ&amp;J\" \/>\n<meta property=\"og:description\" content=\"Funktionen Leitprinzipien Unabh\u00e4ngigkeit und Objektivit\u00e4t: Der Aufbau starker Beziehungen ist entscheidend f\u00fcr eine effektive Beratung. Als vertrauensw\u00fcrdige Berater haben wir das Selbstvertrauen, Diskussionen \u00fcber die Komfortzone hinaus zu f\u00fchren. Urteilsverm\u00f6gen: Im Zentrum unseres Ansatzes stehen Reflexion, Integrit\u00e4t und der Mut, schwierige Fragen zu stellen. Dies f\u00fchrt zu einer bew\u00e4hrten Erfolgsbilanz bei der pr\u00e4zisen Identifizierung und [&hellip;]\" \/>\n<meta property=\"og:url\" content=\"https:\/\/sz-j.com\/de\/fokusbereiche\/\" \/>\n<meta property=\"og:site_name\" content=\"SZ&amp;J\" \/>\n<meta property=\"article:modified_time\" content=\"2024-12-17T14:16:29+00:00\" \/>\n<meta name=\"twitter:card\" content=\"summary_large_image\" \/>\n<script type=\"application\/ld+json\" class=\"yoast-schema-graph\">{\"@context\":\"https:\/\/schema.org\",\"@graph\":[{\"@type\":\"WebPage\",\"@id\":\"https:\/\/sz-j.com\/de\/fokusbereiche\/\",\"url\":\"https:\/\/sz-j.com\/de\/fokusbereiche\/\",\"name\":\"Fokusbereiche - SZ&J\",\"isPartOf\":{\"@id\":\"https:\/\/sz-j.com\/#website\"},\"datePublished\":\"2024-11-24T10:58:52+00:00\",\"dateModified\":\"2024-12-17T14:16:29+00:00\",\"breadcrumb\":{\"@id\":\"https:\/\/sz-j.com\/de\/fokusbereiche\/#breadcrumb\"},\"inLanguage\":\"de\",\"potentialAction\":[{\"@type\":\"ReadAction\",\"target\":[\"https:\/\/sz-j.com\/de\/fokusbereiche\/\"]}]},{\"@type\":\"BreadcrumbList\",\"@id\":\"https:\/\/sz-j.com\/de\/fokusbereiche\/#breadcrumb\",\"itemListElement\":[{\"@type\":\"ListItem\",\"position\":1,\"name\":\"Home\",\"item\":\"https:\/\/sz-j.com\/de\/\"},{\"@type\":\"ListItem\",\"position\":2,\"name\":\"Fokusbereiche\"}]},{\"@type\":\"WebSite\",\"@id\":\"https:\/\/sz-j.com\/#website\",\"url\":\"https:\/\/sz-j.com\/\",\"name\":\"SZ&J\",\"description\":\"Board Advisory &amp; Executive Search\",\"potentialAction\":[{\"@type\":\"SearchAction\",\"target\":{\"@type\":\"EntryPoint\",\"urlTemplate\":\"https:\/\/sz-j.com\/?s={search_term_string}\"},\"query-input\":{\"@type\":\"PropertyValueSpecification\",\"valueRequired\":true,\"valueName\":\"search_term_string\"}}],\"inLanguage\":\"de\"}]}<\/script>\n<!-- \/ Yoast SEO plugin. -->","yoast_head_json":{"title":"Fokusbereiche - SZ&amp;J","robots":{"index":"index","follow":"follow","max-snippet":"max-snippet:-1","max-image-preview":"max-image-preview:large","max-video-preview":"max-video-preview:-1"},"canonical":"https:\/\/sz-j.com\/de\/fokusbereiche\/","og_locale":"de_DE","og_type":"article","og_title":"Fokusbereiche - SZ&amp;J","og_description":"Funktionen Leitprinzipien Unabh\u00e4ngigkeit und Objektivit\u00e4t: Der Aufbau starker Beziehungen ist entscheidend f\u00fcr eine effektive Beratung. Als vertrauensw\u00fcrdige Berater haben wir das Selbstvertrauen, Diskussionen \u00fcber die Komfortzone hinaus zu f\u00fchren. Urteilsverm\u00f6gen: Im Zentrum unseres Ansatzes stehen Reflexion, Integrit\u00e4t und der Mut, schwierige Fragen zu stellen. Dies f\u00fchrt zu einer bew\u00e4hrten Erfolgsbilanz bei der pr\u00e4zisen Identifizierung und [&hellip;]","og_url":"https:\/\/sz-j.com\/de\/fokusbereiche\/","og_site_name":"SZ&amp;J","article_modified_time":"2024-12-17T14:16:29+00:00","twitter_card":"summary_large_image","schema":{"@context":"https:\/\/schema.org","@graph":[{"@type":"WebPage","@id":"https:\/\/sz-j.com\/de\/fokusbereiche\/","url":"https:\/\/sz-j.com\/de\/fokusbereiche\/","name":"Fokusbereiche - SZ&J","isPartOf":{"@id":"https:\/\/sz-j.com\/#website"},"datePublished":"2024-11-24T10:58:52+00:00","dateModified":"2024-12-17T14:16:29+00:00","breadcrumb":{"@id":"https:\/\/sz-j.com\/de\/fokusbereiche\/#breadcrumb"},"inLanguage":"de","potentialAction":[{"@type":"ReadAction","target":["https:\/\/sz-j.com\/de\/fokusbereiche\/"]}]},{"@type":"BreadcrumbList","@id":"https:\/\/sz-j.com\/de\/fokusbereiche\/#breadcrumb","itemListElement":[{"@type":"ListItem","position":1,"name":"Home","item":"https:\/\/sz-j.com\/de\/"},{"@type":"ListItem","position":2,"name":"Fokusbereiche"}]},{"@type":"WebSite","@id":"https:\/\/sz-j.com\/#website","url":"https:\/\/sz-j.com\/","name":"SZ&J","description":"Board Advisory &amp; Executive Search","potentialAction":[{"@type":"SearchAction","target":{"@type":"EntryPoint","urlTemplate":"https:\/\/sz-j.com\/?s={search_term_string}"},"query-input":{"@type":"PropertyValueSpecification","valueRequired":true,"valueName":"search_term_string"}}],"inLanguage":"de"}]}},"_links":{"self":[{"href":"https:\/\/sz-j.com\/de\/wp-json\/wp\/v2\/pages\/1331","targetHints":{"allow":["GET"]}}],"collection":[{"href":"https:\/\/sz-j.com\/de\/wp-json\/wp\/v2\/pages"}],"about":[{"href":"https:\/\/sz-j.com\/de\/wp-json\/wp\/v2\/types\/page"}],"author":[{"embeddable":true,"href":"https:\/\/sz-j.com\/de\/wp-json\/wp\/v2\/users\/1"}],"replies":[{"embeddable":true,"href":"https:\/\/sz-j.com\/de\/wp-json\/wp\/v2\/comments?post=1331"}],"version-history":[{"count":5,"href":"https:\/\/sz-j.com\/de\/wp-json\/wp\/v2\/pages\/1331\/revisions"}],"predecessor-version":[{"id":1670,"href":"https:\/\/sz-j.com\/de\/wp-json\/wp\/v2\/pages\/1331\/revisions\/1670"}],"wp:attachment":[{"href":"https:\/\/sz-j.com\/de\/wp-json\/wp\/v2\/media?parent=1331"}],"curies":[{"name":"wp","href":"https:\/\/api.w.org\/{rel}","templated":true}]}}