{"id":1388,"date":"2024-11-24T10:55:00","date_gmt":"2024-11-24T10:55:00","guid":{"rendered":"https:\/\/sz-j.com\/board-roundtable\/"},"modified":"2024-12-17T14:17:46","modified_gmt":"2024-12-17T14:17:46","slug":"board-roundtable","status":"publish","type":"page","link":"https:\/\/sz-j.com\/de\/board-roundtable\/","title":{"rendered":"Board Roundtable"},"content":{"rendered":"\n<section class=\"wp-block-group alignfull heading_2 has-accent-1-background-color has-background is-layout-constrained wp-block-group-is-layout-constrained\">\n<div class=\"wp-block-group alignwide is-layout-grid wp-container-core-group-is-layout-555938d3 wp-block-group-is-layout-grid\">\n<div style=\"height:100px\" aria-hidden=\"true\" class=\"wp-block-spacer wp-container-content-45adc295\"><\/div>\n\n\n\n<h1 class=\"wp-block-heading has-text-align-left slide-in-left wp-container-content-46162e02\">Board Roundtable<\/h1>\n\n\n\n<div style=\"height:100px\" aria-hidden=\"true\" class=\"wp-block-spacer wp-container-content-f1902870\"><\/div>\n\n\n\n<p class=\"is-style-default slide-in-right delay-5 has-large-font-size wp-container-content-bda37d6c\">Wir organisieren regelm\u00e4ssig Board Roundtables, bei denen Entscheidungstr\u00e4ger aus Wirtschaft, Politik, Verwaltung und Wissenschaft zusammenkommen.<\/p>\n<\/div>\n<\/section>\n\n\n\n<section class=\"wp-block-group alignfull is-layout-constrained wp-block-group-is-layout-constrained\">\n<div class=\"wp-block-group alignwide is-layout-grid wp-container-core-group-is-layout-555938d3 wp-block-group-is-layout-grid\">\n<div style=\"height:0px\" aria-hidden=\"true\" class=\"wp-block-spacer wp-container-content-45adc295\"><\/div>\n\n\n\n<details class=\"wp-block-details is-style-accordion slide-in-up wp-container-content-a78bef61 is-layout-flow wp-block-details-is-layout-flow is-style-accordion--1\"><summary>Fokusthemen<\/summary>\n<div class=\"wp-block-group is-layout-constrained wp-block-group-is-layout-constrained\">\n<ul class=\"wp-block-list\">\n<li>Einfluss von Geopolitik und Geo\u00f6konomie auf Volkswirtschaften, Unternehmen und Gesch\u00e4ftsmodelle \u2013 November 2024<\/li>\n\n\n\n<li>Eigent\u00fcmerstrategien im Kontext von \u00f6ffentlich-privaten Eigent\u00fcmerstrukturen \u2013 September 2024<\/li>\n\n\n\n<li>Board Governance: die Entwicklung der Rolle des Chair \u2013 Mai 2024<\/li>\n\n\n\n<li>Board Agenda 2024 \u2013 Januar 2024<\/li>\n\n\n\n<li>Nachhaltige Innovation und Gesch\u00e4ftstransformation \u2013 Oktober 2023<\/li>\n\n\n\n<li>Board Governance: Zweck, Menschen, Prozesse \u2013 August 2023<\/li>\n<\/ul>\n<\/div>\n<\/details>\n\n\n\n<div style=\"height:0px\" aria-hidden=\"true\" class=\"wp-block-spacer wp-container-content-45adc295\"><\/div>\n\n\n\n<div style=\"height:0px\" aria-hidden=\"true\" class=\"wp-block-spacer wp-container-content-45adc295\"><\/div>\n\n\n\n<details class=\"wp-block-details is-style-accordion slide-in-up wp-container-content-a78bef61 is-layout-flow wp-block-details-is-layout-flow is-style-accordion--2\"><summary>Co-hosts Board Roundtable <\/summary>\n<div class=\"wp-block-group is-layout-constrained wp-block-group-is-layout-constrained\">\n<p>Wir arbeiten mit ausgew\u00e4hlten Partnern zusammen, um Board-Roundtables gemeinsam auszurichten, das Thema zu vertiefen und durch geteilte Moderation Mehrwert zu schaffen. Zu den bisherigen Co-Moderatoren geh\u00f6rten:<\/p>\n\n\n\n<ul class=\"wp-block-list\">\n<li><strong>Patrick Dunne:<\/strong> Autor von \u00abBoards \u2013 Eine praktische Perspektive\u00bb<\/li>\n\n\n\n<li><strong>Julia Binder: <\/strong>Professorin f\u00fcr nachhaltige Innovation und Gesch\u00e4ftstransformation an der IMD, Lausanne<\/li>\n\n\n\n<li><strong>Mario Fehr: <\/strong>Pr\u00e4sident des Regierungsrates des Kantons Z\u00fcrich<\/li>\n\n\n\n<li><strong>Sunnie J. Groeneveld:<\/strong> Unternehmerin und mehrfaches Vorstandsmitglied<\/li>\n<\/ul>\n<\/div>\n<\/details>\n\n\n\n<div style=\"height:0px\" aria-hidden=\"true\" class=\"wp-block-spacer wp-container-content-45adc295\"><\/div>\n<\/div>\n<\/section>\n\n\n\n<section class=\"wp-block-group alignfull fade-in board_roundtable has-accent-1-background-color has-background is-layout-constrained wp-block-group-is-layout-constrained\">\n<div class=\"wp-block-group alignwide is-layout-grid wp-container-core-group-is-layout-555938d3 wp-block-group-is-layout-grid\">\n<div style=\"height:1px\" aria-hidden=\"true\" class=\"wp-block-spacer wp-container-content-01965abf\"><\/div>\n\n\n\n<h2 class=\"wp-block-heading has-text-align-left wp-container-content-f35572eb\">Praktische Dialoge<\/h2>\n\n\n\n<div style=\"height:1px\" aria-hidden=\"true\" class=\"wp-block-spacer wp-container-content-f1902870\"><\/div>\n\n\n\n<div style=\"height:1px\" aria-hidden=\"true\" class=\"wp-block-spacer wp-container-content-01965abf\"><\/div>\n\n\n\n<p class=\"is-style-default has-medium-font-size wp-container-content-bda37d6c\">In den letzten zehn Jahren hat Reto Jauch private Board-Roundtable-Diskussionen mit Entscheidungstr\u00e4gern aus verschiedenen Interessengruppen moderiert: Wirtschaft, Politik, Verwaltung und Wissenschaft. Traditionell werden diese Treffen im Rahmen eines Abendessens in Z\u00fcrich, London, M\u00fcnchen und Frankfurt organisiert.<\/p>\n\n\n\n<div style=\"height:1px\" aria-hidden=\"true\" class=\"wp-block-spacer wp-container-content-01965abf\"><\/div>\n\n\n\n<div style=\"height:1px\" aria-hidden=\"true\" class=\"wp-block-spacer wp-container-content-01965abf\"><\/div>\n\n\n\n<p class=\"is-style-default has-medium-font-size wp-container-content-bda37d6c\">Das Ziel unserer Board-Roundtable-Diskussionen ist es, einen praxisorientierten Dialog mit einer kleinen Gruppe ausgew\u00e4hlter Entscheidungstr\u00e4ger zu f\u00fchren, um einen offenen Austausch und gegenseitiges Lernen zu den diskutierten Themen zu f\u00f6rdern.<\/p>\n\n\n\n<div style=\"height:1px\" aria-hidden=\"true\" class=\"wp-block-spacer wp-container-content-01965abf\"><\/div>\n\n\n\n<div style=\"height:1px\" aria-hidden=\"true\" class=\"wp-block-spacer wp-container-content-01965abf\"><\/div>\n\n\n\n<div class=\"wp-block-buttons wp-container-content-e7279f90 is-layout-flex wp-block-buttons-is-layout-flex\">\n<div class=\"wp-block-button is-style-outline slide-in-up is-style-outline--3\"><a class=\"wp-block-button__link wp-element-button\" href=\"https:\/\/sz-j.com\/de\/spotlight-on-reto-jauch\/\">Spotlight Reto Jauch<\/a><\/div>\n<\/div>\n\n\n\n<div style=\"height:1px\" aria-hidden=\"true\" class=\"wp-block-spacer wp-container-content-01965abf\"><\/div>\n<\/div>\n<\/section>\n","protected":false},"excerpt":{"rendered":"<p>Praktische Dialoge In den letzten zehn Jahren hat Reto Jauch private Board-Roundtable-Diskussionen mit Entscheidungstr\u00e4gern aus verschiedenen Interessengruppen moderiert: Wirtschaft, Politik, Verwaltung und Wissenschaft. Traditionell werden diese Treffen im Rahmen eines Abendessens in Z\u00fcrich, London, M\u00fcnchen und Frankfurt organisiert. Das Ziel unserer Board-Roundtable-Diskussionen ist es, einen praxisorientierten Dialog mit einer kleinen Gruppe ausgew\u00e4hlter Entscheidungstr\u00e4ger zu f\u00fchren, [&hellip;]<\/p>\n","protected":false},"author":1,"featured_media":0,"parent":0,"menu_order":16,"comment_status":"closed","ping_status":"closed","template":"","meta":{"_acf_changed":false,"footnotes":""},"class_list":["post-1388","page","type-page","status-publish","hentry"],"acf":{"seo-indexing-option":true,"seo-og-title":"","seo-meta-description":"","seo-og-image":""},"yoast_head":"<!-- This site is optimized with the Yoast SEO plugin v26.3 - https:\/\/yoast.com\/wordpress\/plugins\/seo\/ -->\n<title>Board Roundtable - SZ&amp;J<\/title>\n<meta name=\"robots\" content=\"index, follow, max-snippet:-1, max-image-preview:large, max-video-preview:-1\" \/>\n<link rel=\"canonical\" href=\"https:\/\/sz-j.com\/de\/board-roundtable\/\" \/>\n<meta property=\"og:locale\" content=\"de_DE\" \/>\n<meta property=\"og:type\" content=\"article\" \/>\n<meta property=\"og:title\" content=\"Board Roundtable - SZ&amp;J\" \/>\n<meta property=\"og:description\" content=\"Praktische Dialoge In den letzten zehn Jahren hat Reto Jauch private Board-Roundtable-Diskussionen mit Entscheidungstr\u00e4gern aus verschiedenen Interessengruppen moderiert: Wirtschaft, Politik, Verwaltung und Wissenschaft. Traditionell werden diese Treffen im Rahmen eines Abendessens in Z\u00fcrich, London, M\u00fcnchen und Frankfurt organisiert. Das Ziel unserer Board-Roundtable-Diskussionen ist es, einen praxisorientierten Dialog mit einer kleinen Gruppe ausgew\u00e4hlter Entscheidungstr\u00e4ger zu f\u00fchren, [&hellip;]\" \/>\n<meta property=\"og:url\" content=\"https:\/\/sz-j.com\/de\/board-roundtable\/\" \/>\n<meta property=\"og:site_name\" content=\"SZ&amp;J\" \/>\n<meta property=\"article:modified_time\" content=\"2024-12-17T14:17:46+00:00\" \/>\n<meta name=\"twitter:card\" content=\"summary_large_image\" \/>\n<script type=\"application\/ld+json\" class=\"yoast-schema-graph\">{\"@context\":\"https:\/\/schema.org\",\"@graph\":[{\"@type\":\"WebPage\",\"@id\":\"https:\/\/sz-j.com\/de\/board-roundtable\/\",\"url\":\"https:\/\/sz-j.com\/de\/board-roundtable\/\",\"name\":\"Board Roundtable - SZ&J\",\"isPartOf\":{\"@id\":\"https:\/\/sz-j.com\/#website\"},\"datePublished\":\"2024-11-24T10:55:00+00:00\",\"dateModified\":\"2024-12-17T14:17:46+00:00\",\"breadcrumb\":{\"@id\":\"https:\/\/sz-j.com\/de\/board-roundtable\/#breadcrumb\"},\"inLanguage\":\"de\",\"potentialAction\":[{\"@type\":\"ReadAction\",\"target\":[\"https:\/\/sz-j.com\/de\/board-roundtable\/\"]}]},{\"@type\":\"BreadcrumbList\",\"@id\":\"https:\/\/sz-j.com\/de\/board-roundtable\/#breadcrumb\",\"itemListElement\":[{\"@type\":\"ListItem\",\"position\":1,\"name\":\"Home\",\"item\":\"https:\/\/sz-j.com\/de\/\"},{\"@type\":\"ListItem\",\"position\":2,\"name\":\"Board Roundtable\"}]},{\"@type\":\"WebSite\",\"@id\":\"https:\/\/sz-j.com\/#website\",\"url\":\"https:\/\/sz-j.com\/\",\"name\":\"SZ&J\",\"description\":\"Board Advisory &amp; Executive Search\",\"potentialAction\":[{\"@type\":\"SearchAction\",\"target\":{\"@type\":\"EntryPoint\",\"urlTemplate\":\"https:\/\/sz-j.com\/?s={search_term_string}\"},\"query-input\":{\"@type\":\"PropertyValueSpecification\",\"valueRequired\":true,\"valueName\":\"search_term_string\"}}],\"inLanguage\":\"de\"}]}<\/script>\n<!-- \/ Yoast SEO plugin. -->","yoast_head_json":{"title":"Board Roundtable - SZ&amp;J","robots":{"index":"index","follow":"follow","max-snippet":"max-snippet:-1","max-image-preview":"max-image-preview:large","max-video-preview":"max-video-preview:-1"},"canonical":"https:\/\/sz-j.com\/de\/board-roundtable\/","og_locale":"de_DE","og_type":"article","og_title":"Board Roundtable - SZ&amp;J","og_description":"Praktische Dialoge In den letzten zehn Jahren hat Reto Jauch private Board-Roundtable-Diskussionen mit Entscheidungstr\u00e4gern aus verschiedenen Interessengruppen moderiert: Wirtschaft, Politik, Verwaltung und Wissenschaft. Traditionell werden diese Treffen im Rahmen eines Abendessens in Z\u00fcrich, London, M\u00fcnchen und Frankfurt organisiert. Das Ziel unserer Board-Roundtable-Diskussionen ist es, einen praxisorientierten Dialog mit einer kleinen Gruppe ausgew\u00e4hlter Entscheidungstr\u00e4ger zu f\u00fchren, [&hellip;]","og_url":"https:\/\/sz-j.com\/de\/board-roundtable\/","og_site_name":"SZ&amp;J","article_modified_time":"2024-12-17T14:17:46+00:00","twitter_card":"summary_large_image","schema":{"@context":"https:\/\/schema.org","@graph":[{"@type":"WebPage","@id":"https:\/\/sz-j.com\/de\/board-roundtable\/","url":"https:\/\/sz-j.com\/de\/board-roundtable\/","name":"Board Roundtable - SZ&J","isPartOf":{"@id":"https:\/\/sz-j.com\/#website"},"datePublished":"2024-11-24T10:55:00+00:00","dateModified":"2024-12-17T14:17:46+00:00","breadcrumb":{"@id":"https:\/\/sz-j.com\/de\/board-roundtable\/#breadcrumb"},"inLanguage":"de","potentialAction":[{"@type":"ReadAction","target":["https:\/\/sz-j.com\/de\/board-roundtable\/"]}]},{"@type":"BreadcrumbList","@id":"https:\/\/sz-j.com\/de\/board-roundtable\/#breadcrumb","itemListElement":[{"@type":"ListItem","position":1,"name":"Home","item":"https:\/\/sz-j.com\/de\/"},{"@type":"ListItem","position":2,"name":"Board Roundtable"}]},{"@type":"WebSite","@id":"https:\/\/sz-j.com\/#website","url":"https:\/\/sz-j.com\/","name":"SZ&J","description":"Board Advisory &amp; Executive Search","potentialAction":[{"@type":"SearchAction","target":{"@type":"EntryPoint","urlTemplate":"https:\/\/sz-j.com\/?s={search_term_string}"},"query-input":{"@type":"PropertyValueSpecification","valueRequired":true,"valueName":"search_term_string"}}],"inLanguage":"de"}]}},"_links":{"self":[{"href":"https:\/\/sz-j.com\/de\/wp-json\/wp\/v2\/pages\/1388","targetHints":{"allow":["GET"]}}],"collection":[{"href":"https:\/\/sz-j.com\/de\/wp-json\/wp\/v2\/pages"}],"about":[{"href":"https:\/\/sz-j.com\/de\/wp-json\/wp\/v2\/types\/page"}],"author":[{"embeddable":true,"href":"https:\/\/sz-j.com\/de\/wp-json\/wp\/v2\/users\/1"}],"replies":[{"embeddable":true,"href":"https:\/\/sz-j.com\/de\/wp-json\/wp\/v2\/comments?post=1388"}],"version-history":[{"count":6,"href":"https:\/\/sz-j.com\/de\/wp-json\/wp\/v2\/pages\/1388\/revisions"}],"predecessor-version":[{"id":1671,"href":"https:\/\/sz-j.com\/de\/wp-json\/wp\/v2\/pages\/1388\/revisions\/1671"}],"wp:attachment":[{"href":"https:\/\/sz-j.com\/de\/wp-json\/wp\/v2\/media?parent=1388"}],"curies":[{"name":"wp","href":"https:\/\/api.w.org\/{rel}","templated":true}]}}